{"id":153,"date":"2025-01-31T13:12:21","date_gmt":"2025-01-31T12:12:21","guid":{"rendered":"https:\/\/www.terresdefarwest.com\/?page_id=153"},"modified":"2025-01-31T18:11:02","modified_gmt":"2025-01-31T17:11:02","slug":"contact-3","status":"publish","type":"page","link":"https:\/\/www.terresdefarwest.com\/?page_id=153","title":{"rendered":"Contact"},"content":{"rendered":"\t\t<div data-elementor-type=\"wp-page\" data-elementor-id=\"153\" class=\"elementor elementor-153\">\n\t\t\t\t<div class=\"elementor-element elementor-element-70f957b2 e-flex e-con-boxed e-con e-parent\" data-id=\"70f957b2\" data-element_type=\"container\" data-settings=\"{&quot;background_background&quot;:&quot;classic&quot;}\">\n\t\t\t\t\t<div class=\"e-con-inner\">\n\t\t\t\t<div class=\"elementor-element elementor-element-705a20ad elementor-widget elementor-widget-heading\" data-id=\"705a20ad\" data-element_type=\"widget\" data-widget_type=\"heading.default\">\n\t\t\t\t<div class=\"elementor-widget-container\">\n\t\t\t\t\t<h1 class=\"elementor-heading-title elementor-size-default\">Prenez contact avec nous !<\/h1>\t\t\t\t<\/div>\n\t\t\t\t<\/div>\n\t\t<div class=\"elementor-element elementor-element-781aaf24 e-con-full e-flex e-con e-child\" data-id=\"781aaf24\" data-element_type=\"container\">\n\t\t\t\t<div class=\"elementor-element elementor-element-191bb214 elementor-widget elementor-widget-text-editor\" data-id=\"191bb214\" data-element_type=\"widget\" data-widget_type=\"text-editor.default\">\n\t\t\t\t<div class=\"elementor-widget-container\">\n\t\t\t\t\t\t\t\t\t<p>Vous avez une question, une demande sp\u00e9cifique ou vous \u00eates pr\u00eats \u00e0 commencer votre aventure avec <em>Terres de Far West<\/em>? Nous serions ravis de vous entendre ! Remplissez le formulaire ci-dessous ou envoyez-nous un message, et nous reviendrons vers vous dans les plus brefs d\u00e9lais.<\/p><p>\u00c0 tr\u00e8s bient\u00f4t pour planifier votre voyage en ranch!<\/p>\t\t\t\t\t\t\t\t<\/div>\n\t\t\t\t<\/div>\n\t\t\t\t<div class=\"elementor-element elementor-element-a865359 elementor-widget elementor-widget-text-editor\" data-id=\"a865359\" data-element_type=\"widget\" data-widget_type=\"text-editor.default\">\n\t\t\t\t<div class=\"elementor-widget-container\">\n\t\t\t\t\t\t\t\t\t<p><strong>What&rsquo;s app :\u00a0<\/strong><\/p>\t\t\t\t\t\t\t\t<\/div>\n\t\t\t\t<\/div>\n\t\t<div class=\"elementor-element elementor-element-6eb17614 e-con-full e-flex e-con e-child\" data-id=\"6eb17614\" data-element_type=\"container\">\n\t\t\t\t<div class=\"elementor-element elementor-element-65672489 elementor-align-left elementor-icon-list--layout-traditional elementor-list-item-link-full_width elementor-widget elementor-widget-icon-list\" data-id=\"65672489\" data-element_type=\"widget\" data-widget_type=\"icon-list.default\">\n\t\t\t\t<div class=\"elementor-widget-container\">\n\t\t\t\t\t\t\t<ul class=\"elementor-icon-list-items\">\n\t\t\t\t\t\t\t<li class=\"elementor-icon-list-item\">\n\t\t\t\t\t\t\t\t\t\t<span class=\"elementor-icon-list-text\"> Nelly +1 ...   <\/span>\n\t\t\t\t\t\t\t\t\t<\/li>\n\t\t\t\t\t\t\t\t<li class=\"elementor-icon-list-item\">\n\t\t\t\t\t\t\t\t\t\t<span class=\"elementor-icon-list-text\">Oriane: +1 480 685 7797<\/span>\n\t\t\t\t\t\t\t\t\t<\/li>\n\t\t\t\t\t\t\t\t<li class=\"elementor-icon-list-item\">\n\t\t\t\t\t\t\t\t\t\t<span class=\"elementor-icon-list-text\">Email: terresdefarwest@gm...<\/span>\n\t\t\t\t\t\t\t\t\t<\/li>\n\t\t\t\t\t\t\t\t<li class=\"elementor-icon-list-item\">\n\t\t\t\t\t\t\t\t\t\t<span class=\"elementor-icon-list-text\">Partout, USA<\/span>\n\t\t\t\t\t\t\t\t\t<\/li>\n\t\t\t\t\t\t<\/ul>\n\t\t\t\t\t\t<\/div>\n\t\t\t\t<\/div>\n\t\t\t\t<div class=\"elementor-element elementor-element-123db739 elementor-widget-divider--view-line elementor-widget elementor-widget-divider\" data-id=\"123db739\" data-element_type=\"widget\" data-widget_type=\"divider.default\">\n\t\t\t\t<div class=\"elementor-widget-container\">\n\t\t\t\t\t\t\t<div class=\"elementor-divider\">\n\t\t\t<span class=\"elementor-divider-separator\">\n\t\t\t\t\t\t<\/span>\n\t\t<\/div>\n\t\t\t\t\t\t<\/div>\n\t\t\t\t<\/div>\n\t\t\t\t<\/div>\n\t\t\t\t<\/div>\n\t\t\t\t\t<\/div>\n\t\t\t\t<\/div>\n\t\t<footer class=\"elementor-element elementor-element-6e55c287 e-con-full e-flex e-con e-parent\" data-id=\"6e55c287\" data-element_type=\"container\" data-settings=\"{&quot;background_background&quot;:&quot;classic&quot;}\">\n\t\t<div class=\"elementor-element elementor-element-65960512 e-con-full e-flex e-con e-child\" data-id=\"65960512\" data-element_type=\"container\">\n\t\t\t\t<div class=\"elementor-element elementor-element-4bc7bb1b elementor-widget elementor-widget-image\" data-id=\"4bc7bb1b\" data-element_type=\"widget\" data-widget_type=\"image.default\">\n\t\t\t\t<div class=\"elementor-widget-container\">\n\t\t\t\t\t\t\t\t\t\t\t\t\t\t\t<img fetchpriority=\"high\" decoding=\"async\" width=\"500\" height=\"125\" src=\"https:\/\/www.terresdefarwest.com\/wp-content\/uploads\/2025\/01\/cropped-Terres-de-far-west-9.png\" class=\"attachment-full size-full wp-image-19\" alt=\"\" srcset=\"https:\/\/www.terresdefarwest.com\/wp-content\/uploads\/2025\/01\/cropped-Terres-de-far-west-9.png 500w, https:\/\/www.terresdefarwest.com\/wp-content\/uploads\/2025\/01\/cropped-Terres-de-far-west-9-300x75.png 300w\" sizes=\"(max-width: 500px) 100vw, 500px\" \/>\t\t\t\t\t\t\t\t\t\t\t\t\t\t\t<\/div>\n\t\t\t\t<\/div>\n\t\t\t\t<\/div>\n\t\t<div class=\"elementor-element elementor-element-7baaacae e-con-full e-flex e-con e-child\" data-id=\"7baaacae\" data-element_type=\"container\">\n\t\t\t\t<div class=\"elementor-element elementor-element-2c19cf4b elementor-icon-list--layout-inline elementor-tablet-align-center elementor-align-center elementor-list-item-link-full_width elementor-widget elementor-widget-icon-list\" data-id=\"2c19cf4b\" data-element_type=\"widget\" data-widget_type=\"icon-list.default\">\n\t\t\t\t<div class=\"elementor-widget-container\">\n\t\t\t\t\t\t\t<ul class=\"elementor-icon-list-items elementor-inline-items\">\n\t\t\t\t\t\t\t<li class=\"elementor-icon-list-item elementor-inline-item\">\n\t\t\t\t\t\t\t\t\t\t<span class=\"elementor-icon-list-text\">123-456-7890<\/span>\n\t\t\t\t\t\t\t\t\t<\/li>\n\t\t\t\t\t\t\t\t<li class=\"elementor-icon-list-item elementor-inline-item\">\n\t\t\t\t\t\t\t\t\t\t<span class=\"elementor-icon-list-text\">123 Main Street, New York, NY 10001<\/span>\n\t\t\t\t\t\t\t\t\t<\/li>\n\t\t\t\t\t\t\t\t<li class=\"elementor-icon-list-item elementor-inline-item\">\n\t\t\t\t\t\t\t\t\t\t<span class=\"elementor-icon-list-text\">Mon-Fri 9:00AM - 5:00PM<\/span>\n\t\t\t\t\t\t\t\t\t<\/li>\n\t\t\t\t\t\t<\/ul>\n\t\t\t\t\t\t<\/div>\n\t\t\t\t<\/div>\n\t\t\t\t<\/div>\n\t\t<div class=\"elementor-element elementor-element-3b3f53dc e-con-full e-flex e-con e-child\" data-id=\"3b3f53dc\" data-element_type=\"container\">\n\t\t\t\t<div class=\"elementor-element elementor-element-6416f12f e-grid-align-right e-grid-align-tablet-right e-grid-align-mobile-center elementor-widget-mobile__width-inherit elementor-shape-rounded elementor-grid-0 elementor-widget elementor-widget-social-icons\" data-id=\"6416f12f\" data-element_type=\"widget\" data-widget_type=\"social-icons.default\">\n\t\t\t\t<div class=\"elementor-widget-container\">\n\t\t\t\t\t\t\t<div class=\"elementor-social-icons-wrapper elementor-grid\">\n\t\t\t\t\t\t\t<span class=\"elementor-grid-item\">\n\t\t\t\t\t<a class=\"elementor-icon elementor-social-icon elementor-social-icon-facebook-f elementor-repeater-item-3f1b7ac\" target=\"_blank\">\n\t\t\t\t\t\t<span class=\"elementor-screen-only\">Facebook-f<\/span>\n\t\t\t\t\t\t<svg class=\"e-font-icon-svg e-fab-facebook-f\" viewBox=\"0 0 320 512\" xmlns=\"http:\/\/www.w3.org\/2000\/svg\"><path d=\"M279.14 288l14.22-92.66h-88.91v-60.13c0-25.35 12.42-50.06 52.24-50.06h40.42V6.26S260.43 0 225.36 0c-73.22 0-121.08 44.38-121.08 124.72v70.62H22.89V288h81.39v224h100.17V288z\"><\/path><\/svg>\t\t\t\t\t<\/a>\n\t\t\t\t<\/span>\n\t\t\t\t\t\t\t<span class=\"elementor-grid-item\">\n\t\t\t\t\t<a class=\"elementor-icon elementor-social-icon elementor-social-icon- elementor-repeater-item-5c0ce3c\" target=\"_blank\">\n\t\t\t\t\t\t<span class=\"elementor-screen-only\"><\/span>\n\t\t\t\t\t\t<svg xmlns=\"http:\/\/www.w3.org\/2000\/svg\" id=\"aaf4d88f-6908-42b9-b3d6-5d6a3ec06a43\" data-name=\"Layer 1\" width=\"27\" height=\"26\" viewBox=\"0 0 27 26\"><path d=\"M26.9922,13.12c0-1.952.0071-3.904-.0054-5.856a7.4912,7.4912,0,0,0-.12-1.3338,6.9762,6.9762,0,0,0-2.4989-4.1911,7.3149,7.3149,0,0,0-4.73-1.7279c-4.031-.02-8.0623-.0061-12.0935-.0071a7.347,7.347,0,0,0-3.6653.907,6.9367,6.9367,0,0,0-3.85,6.2265C-.025,11.0332.0121,14.93.0169,18.8272a6.5069,6.5069,0,0,0,.8908,3.3475A7.2785,7.2785,0,0,0,7.419,25.9708c4.0565.0558,8.1145.0148,12.1719.0131a7.6378,7.6378,0,0,0,4.9015-1.8408,6.9218,6.9218,0,0,0,2.4928-5.276C27.0143,16.9517,26.9915,15.0354,26.9922,13.12ZM13.4174,20.21a7.3625,7.3625,0,0,1-7.4061-7.2182,7.3505,7.3505,0,0,1,7.4992-7.2115,7.3516,7.3516,0,0,1,7.4852,7.2146A7.37,7.37,0,0,1,13.4174,20.21ZM22.4962,5.7791a1.48,1.48,0,0,1-1.5005-1.4476,1.5014,1.5014,0,0,1,3-.0009A1.481,1.481,0,0,1,22.4962,5.7791Z\" transform=\"translate(0 0)\" style=\"fill-rule:evenodd\"><\/path><path d=\"M13.4969,8.3571a4.7331,4.7331,0,0,0-4.8183,4.6445,4.74,4.74,0,0,0,4.8241,4.6413,4.74,4.74,0,0,0,4.8187-4.6466A4.7342,4.7342,0,0,0,13.4969,8.3571Z\" transform=\"translate(0 0)\" style=\"fill-rule:evenodd\"><\/path><\/svg>\t\t\t\t\t<\/a>\n\t\t\t\t<\/span>\n\t\t\t\t\t\t\t<span class=\"elementor-grid-item\">\n\t\t\t\t\t<a class=\"elementor-icon elementor-social-icon elementor-social-icon-twitter elementor-repeater-item-828f132\" target=\"_blank\">\n\t\t\t\t\t\t<span class=\"elementor-screen-only\">Twitter<\/span>\n\t\t\t\t\t\t<svg class=\"e-font-icon-svg e-fab-twitter\" viewBox=\"0 0 512 512\" xmlns=\"http:\/\/www.w3.org\/2000\/svg\"><path d=\"M459.37 151.716c.325 4.548.325 9.097.325 13.645 0 138.72-105.583 298.558-298.558 298.558-59.452 0-114.68-17.219-161.137-47.106 8.447.974 16.568 1.299 25.34 1.299 49.055 0 94.213-16.568 130.274-44.832-46.132-.975-84.792-31.188-98.112-72.772 6.498.974 12.995 1.624 19.818 1.624 9.421 0 18.843-1.3 27.614-3.573-48.081-9.747-84.143-51.98-84.143-102.985v-1.299c13.969 7.797 30.214 12.67 47.431 13.319-28.264-18.843-46.781-51.005-46.781-87.391 0-19.492 5.197-37.36 14.294-52.954 51.655 63.675 129.3 105.258 216.365 109.807-1.624-7.797-2.599-15.918-2.599-24.04 0-57.828 46.782-104.934 104.934-104.934 30.213 0 57.502 12.67 76.67 33.137 23.715-4.548 46.456-13.32 66.599-25.34-7.798 24.366-24.366 44.833-46.132 57.827 21.117-2.273 41.584-8.122 60.426-16.243-14.292 20.791-32.161 39.308-52.628 54.253z\"><\/path><\/svg>\t\t\t\t\t<\/a>\n\t\t\t\t<\/span>\n\t\t\t\t\t<\/div>\n\t\t\t\t\t\t<\/div>\n\t\t\t\t<\/div>\n\t\t\t\t<\/div>\n\t\t\t\t<\/footer>\n\t\t<div class=\"elementor-element elementor-element-36d2beb8 e-con-full e-flex e-con e-parent\" data-id=\"36d2beb8\" data-element_type=\"container\" data-settings=\"{&quot;background_background&quot;:&quot;classic&quot;}\">\n\t\t\t\t<div class=\"elementor-element elementor-element-f4f319c elementor-widget elementor-widget-heading\" data-id=\"f4f319c\" data-element_type=\"widget\" data-widget_type=\"heading.default\">\n\t\t\t\t<div class=\"elementor-widget-container\">\n\t\t\t\t\t<p class=\"elementor-heading-title elementor-size-default\">\u00a9 All Rights Reserved.<\/p>\t\t\t\t<\/div>\n\t\t\t\t<\/div>\n\t\t\t\t<\/div>\n\t\t\t\t<\/div>\n\t\t","protected":false},"excerpt":{"rendered":"<p>Prenez contact avec nous ! Vous avez une question, une demande sp\u00e9cifique ou vous \u00eates pr\u00eats \u00e0 commencer votre aventure avec Terres de Far West? Nous serions ravis de vous entendre ! Remplissez le formulaire ci-dessous ou envoyez-nous un message, et nous reviendrons vers vous dans les plus brefs d\u00e9lais. \u00c0 tr\u00e8s bient\u00f4t pour planifier [&hellip;]<\/p>\n","protected":false},"author":2,"featured_media":0,"parent":0,"menu_order":0,"comment_status":"closed","ping_status":"closed","template":"elementor_header_footer","meta":{"footnotes":""},"class_list":["post-153","page","type-page","status-publish","hentry"],"yoast_head":"<!-- This site is optimized with the Yoast SEO plugin v24.3 - https:\/\/yoast.com\/wordpress\/plugins\/seo\/ -->\n<title>Contact - Terres de farwest<\/title>\n<meta name=\"robots\" content=\"index, follow, max-snippet:-1, max-image-preview:large, max-video-preview:-1\" \/>\n<link rel=\"canonical\" href=\"https:\/\/www.terresdefarwest.com\/?page_id=153\" \/>\n<meta property=\"og:locale\" content=\"fr_FR\" \/>\n<meta property=\"og:type\" content=\"article\" \/>\n<meta property=\"og:title\" content=\"Contact - Terres de farwest\" \/>\n<meta property=\"og:description\" content=\"Prenez contact avec nous ! Vous avez une question, une demande sp\u00e9cifique ou vous \u00eates pr\u00eats \u00e0 commencer votre aventure avec Terres de Far West? Nous serions ravis de vous entendre ! Remplissez le formulaire ci-dessous ou envoyez-nous un message, et nous reviendrons vers vous dans les plus brefs d\u00e9lais. \u00c0 tr\u00e8s bient\u00f4t pour planifier [&hellip;]\" \/>\n<meta property=\"og:url\" content=\"https:\/\/www.terresdefarwest.com\/?page_id=153\" \/>\n<meta property=\"og:site_name\" content=\"Terres de farwest\" \/>\n<meta property=\"article:modified_time\" content=\"2025-01-31T17:11:02+00:00\" \/>\n<meta property=\"og:image\" content=\"https:\/\/www.terresdefarwest.com\/wp-content\/uploads\/2025\/01\/cropped-Terres-de-far-west-9.png\" \/>\n\t<meta property=\"og:image:width\" content=\"500\" \/>\n\t<meta property=\"og:image:height\" content=\"125\" \/>\n\t<meta property=\"og:image:type\" content=\"image\/png\" \/>\n<meta name=\"twitter:card\" content=\"summary_large_image\" \/>\n<script type=\"application\/ld+json\" class=\"yoast-schema-graph\">{\"@context\":\"https:\/\/schema.org\",\"@graph\":[{\"@type\":\"WebPage\",\"@id\":\"https:\/\/www.terresdefarwest.com\/?page_id=153\",\"url\":\"https:\/\/www.terresdefarwest.com\/?page_id=153\",\"name\":\"Contact - Terres de farwest\",\"isPartOf\":{\"@id\":\"https:\/\/www.terresdefarwest.com\/#website\"},\"primaryImageOfPage\":{\"@id\":\"https:\/\/www.terresdefarwest.com\/?page_id=153#primaryimage\"},\"image\":{\"@id\":\"https:\/\/www.terresdefarwest.com\/?page_id=153#primaryimage\"},\"thumbnailUrl\":\"https:\/\/www.terresdefarwest.com\/wp-content\/uploads\/2025\/01\/cropped-Terres-de-far-west-9.png\",\"datePublished\":\"2025-01-31T12:12:21+00:00\",\"dateModified\":\"2025-01-31T17:11:02+00:00\",\"breadcrumb\":{\"@id\":\"https:\/\/www.terresdefarwest.com\/?page_id=153#breadcrumb\"},\"inLanguage\":\"fr-FR\",\"potentialAction\":[{\"@type\":\"ReadAction\",\"target\":[\"https:\/\/www.terresdefarwest.com\/?page_id=153\"]}]},{\"@type\":\"ImageObject\",\"inLanguage\":\"fr-FR\",\"@id\":\"https:\/\/www.terresdefarwest.com\/?page_id=153#primaryimage\",\"url\":\"https:\/\/www.terresdefarwest.com\/wp-content\/uploads\/2025\/01\/cropped-Terres-de-far-west-9.png\",\"contentUrl\":\"https:\/\/www.terresdefarwest.com\/wp-content\/uploads\/2025\/01\/cropped-Terres-de-far-west-9.png\",\"width\":500,\"height\":125},{\"@type\":\"BreadcrumbList\",\"@id\":\"https:\/\/www.terresdefarwest.com\/?page_id=153#breadcrumb\",\"itemListElement\":[{\"@type\":\"ListItem\",\"position\":1,\"name\":\"Accueil\",\"item\":\"https:\/\/www.terresdefarwest.com\/\"},{\"@type\":\"ListItem\",\"position\":2,\"name\":\"Contact\"}]},{\"@type\":\"WebSite\",\"@id\":\"https:\/\/www.terresdefarwest.com\/#website\",\"url\":\"https:\/\/www.terresdefarwest.com\/\",\"name\":\"Terres de farwest\",\"description\":\"\",\"publisher\":{\"@id\":\"https:\/\/www.terresdefarwest.com\/#organization\"},\"potentialAction\":[{\"@type\":\"SearchAction\",\"target\":{\"@type\":\"EntryPoint\",\"urlTemplate\":\"https:\/\/www.terresdefarwest.com\/?s={search_term_string}\"},\"query-input\":{\"@type\":\"PropertyValueSpecification\",\"valueRequired\":true,\"valueName\":\"search_term_string\"}}],\"inLanguage\":\"fr-FR\"},{\"@type\":\"Organization\",\"@id\":\"https:\/\/www.terresdefarwest.com\/#organization\",\"name\":\"Terres de farwest\",\"url\":\"https:\/\/www.terresdefarwest.com\/\",\"logo\":{\"@type\":\"ImageObject\",\"inLanguage\":\"fr-FR\",\"@id\":\"https:\/\/www.terresdefarwest.com\/#\/schema\/logo\/image\/\",\"url\":\"https:\/\/www.terresdefarwest.com\/wp-content\/uploads\/2025\/01\/Terres-de-far-west-11.png\",\"contentUrl\":\"https:\/\/www.terresdefarwest.com\/wp-content\/uploads\/2025\/01\/Terres-de-far-west-11.png\",\"width\":500,\"height\":500,\"caption\":\"Terres de farwest\"},\"image\":{\"@id\":\"https:\/\/www.terresdefarwest.com\/#\/schema\/logo\/image\/\"}}]}<\/script>\n<!-- \/ Yoast SEO plugin. -->","yoast_head_json":{"title":"Contact - Terres de farwest","robots":{"index":"index","follow":"follow","max-snippet":"max-snippet:-1","max-image-preview":"max-image-preview:large","max-video-preview":"max-video-preview:-1"},"canonical":"https:\/\/www.terresdefarwest.com\/?page_id=153","og_locale":"fr_FR","og_type":"article","og_title":"Contact - Terres de farwest","og_description":"Prenez contact avec nous ! Vous avez une question, une demande sp\u00e9cifique ou vous \u00eates pr\u00eats \u00e0 commencer votre aventure avec Terres de Far West? Nous serions ravis de vous entendre ! Remplissez le formulaire ci-dessous ou envoyez-nous un message, et nous reviendrons vers vous dans les plus brefs d\u00e9lais. \u00c0 tr\u00e8s bient\u00f4t pour planifier [&hellip;]","og_url":"https:\/\/www.terresdefarwest.com\/?page_id=153","og_site_name":"Terres de farwest","article_modified_time":"2025-01-31T17:11:02+00:00","og_image":[{"width":500,"height":125,"url":"https:\/\/www.terresdefarwest.com\/wp-content\/uploads\/2025\/01\/cropped-Terres-de-far-west-9.png","type":"image\/png"}],"twitter_card":"summary_large_image","schema":{"@context":"https:\/\/schema.org","@graph":[{"@type":"WebPage","@id":"https:\/\/www.terresdefarwest.com\/?page_id=153","url":"https:\/\/www.terresdefarwest.com\/?page_id=153","name":"Contact - Terres de farwest","isPartOf":{"@id":"https:\/\/www.terresdefarwest.com\/#website"},"primaryImageOfPage":{"@id":"https:\/\/www.terresdefarwest.com\/?page_id=153#primaryimage"},"image":{"@id":"https:\/\/www.terresdefarwest.com\/?page_id=153#primaryimage"},"thumbnailUrl":"https:\/\/www.terresdefarwest.com\/wp-content\/uploads\/2025\/01\/cropped-Terres-de-far-west-9.png","datePublished":"2025-01-31T12:12:21+00:00","dateModified":"2025-01-31T17:11:02+00:00","breadcrumb":{"@id":"https:\/\/www.terresdefarwest.com\/?page_id=153#breadcrumb"},"inLanguage":"fr-FR","potentialAction":[{"@type":"ReadAction","target":["https:\/\/www.terresdefarwest.com\/?page_id=153"]}]},{"@type":"ImageObject","inLanguage":"fr-FR","@id":"https:\/\/www.terresdefarwest.com\/?page_id=153#primaryimage","url":"https:\/\/www.terresdefarwest.com\/wp-content\/uploads\/2025\/01\/cropped-Terres-de-far-west-9.png","contentUrl":"https:\/\/www.terresdefarwest.com\/wp-content\/uploads\/2025\/01\/cropped-Terres-de-far-west-9.png","width":500,"height":125},{"@type":"BreadcrumbList","@id":"https:\/\/www.terresdefarwest.com\/?page_id=153#breadcrumb","itemListElement":[{"@type":"ListItem","position":1,"name":"Accueil","item":"https:\/\/www.terresdefarwest.com\/"},{"@type":"ListItem","position":2,"name":"Contact"}]},{"@type":"WebSite","@id":"https:\/\/www.terresdefarwest.com\/#website","url":"https:\/\/www.terresdefarwest.com\/","name":"Terres de farwest","description":"","publisher":{"@id":"https:\/\/www.terresdefarwest.com\/#organization"},"potentialAction":[{"@type":"SearchAction","target":{"@type":"EntryPoint","urlTemplate":"https:\/\/www.terresdefarwest.com\/?s={search_term_string}"},"query-input":{"@type":"PropertyValueSpecification","valueRequired":true,"valueName":"search_term_string"}}],"inLanguage":"fr-FR"},{"@type":"Organization","@id":"https:\/\/www.terresdefarwest.com\/#organization","name":"Terres de farwest","url":"https:\/\/www.terresdefarwest.com\/","logo":{"@type":"ImageObject","inLanguage":"fr-FR","@id":"https:\/\/www.terresdefarwest.com\/#\/schema\/logo\/image\/","url":"https:\/\/www.terresdefarwest.com\/wp-content\/uploads\/2025\/01\/Terres-de-far-west-11.png","contentUrl":"https:\/\/www.terresdefarwest.com\/wp-content\/uploads\/2025\/01\/Terres-de-far-west-11.png","width":500,"height":500,"caption":"Terres de farwest"},"image":{"@id":"https:\/\/www.terresdefarwest.com\/#\/schema\/logo\/image\/"}}]}},"_links":{"self":[{"href":"https:\/\/www.terresdefarwest.com\/index.php?rest_route=\/wp\/v2\/pages\/153","targetHints":{"allow":["GET"]}}],"collection":[{"href":"https:\/\/www.terresdefarwest.com\/index.php?rest_route=\/wp\/v2\/pages"}],"about":[{"href":"https:\/\/www.terresdefarwest.com\/index.php?rest_route=\/wp\/v2\/types\/page"}],"author":[{"embeddable":true,"href":"https:\/\/www.terresdefarwest.com\/index.php?rest_route=\/wp\/v2\/users\/2"}],"replies":[{"embeddable":true,"href":"https:\/\/www.terresdefarwest.com\/index.php?rest_route=%2Fwp%2Fv2%2Fcomments&post=153"}],"version-history":[{"count":14,"href":"https:\/\/www.terresdefarwest.com\/index.php?rest_route=\/wp\/v2\/pages\/153\/revisions"}],"predecessor-version":[{"id":283,"href":"https:\/\/www.terresdefarwest.com\/index.php?rest_route=\/wp\/v2\/pages\/153\/revisions\/283"}],"wp:attachment":[{"href":"https:\/\/www.terresdefarwest.com\/index.php?rest_route=%2Fwp%2Fv2%2Fmedia&parent=153"}],"curies":[{"name":"wp","href":"https:\/\/api.w.org\/{rel}","templated":true}]}}